{"id":2320,"date":"2018-08-29T20:10:25","date_gmt":"2018-08-29T20:10:25","guid":{"rendered":"https:\/\/harveycp.vitelline.net\/?post_type=product&#038;p=2320"},"modified":"2021-11-16T15:40:32","modified_gmt":"2021-11-16T15:40:32","slug":"triumfatori-pe-geninchi-vol-2","status":"publish","type":"product","link":"https:\/\/harveycp.vitelline.net\/?product=triumfatori-pe-geninchi-vol-2","title":{"rendered":"TRIUMF\u0102TORI PE GENINCHI vol. 2"},"content":{"rendered":"<p>Continu\u00e2nd demersul ini\u0163iat \u00een primul volum, cartea de fa\u0163\u0103 con\u0163ine 60 de mini-capitole \u015fi tot at\u00e2tea glorioase aspecte ale unei teme inepuizabile: rug\u0103ciunea. M\u0103rturii, \u00eendemnuri, confesiuni, declara\u0163ii \u2013 o nepre\u0163uit\u0103 mo\u015ftenire de la marii oameni ai rug\u0103ciunii\u2026 \u201eDoamne, \u00eenva\u0163\u0103-ne s\u0103 ne rug\u0103m!\u201c<\/p>\n<p>Autori: Edwin F. &amp; Lillian G. Harvey,<\/p>\n<p><em>Po\u0163i fr\u00e2nge-un vreasc,<br \/>\nDar nu \u015fi-un trunchi;<br \/>\nE\u015fti vertical doar pe genunchi.<br \/>\n\u00cen od\u0103i\u0163\u0103 s\u0103 te-ascunzi,<br \/>\nAd\u00e2ncul c\u0103r\u0163ii s\u0103-l p\u0103trunzi<br \/>\nS\u0103 te ridici \u2013\u00a0 asemeni lor \u2013<br \/>\nDe pe genunchi, triumf\u0103tor. . . .<\/em><\/p>\n","protected":false},"excerpt":{"rendered":"<p>Continu\u00e2nd demersul ini\u0163iat \u00een primul volum, cartea de fa\u0163\u0103 con\u0163ine 60 de mini-capitole \u015fi tot at\u00e2tea glorioase aspecte ale unei teme inepuizabile: rug\u0103ciunea. M\u0103rturii, \u00eendemnuri, confesiuni, declara\u0163ii \u2013 o nepre\u0163uit\u0103 mo\u015ftenire de la marii oameni ai rug\u0103ciunii\u2026 \u201eDoamne, \u00eenva\u0163\u0103-ne s\u0103 ne rug\u0103m!\u201c Autori: Edwin F. &amp; Lillian G. Harvey, Po\u0163i fr\u00e2nge-un vreasc, Dar nu \u015fi-un [&hellip;]<\/p>\n","protected":false},"featured_media":2325,"comment_status":"open","ping_status":"closed","template":"","meta":[],"product_cat":[15,45,21,54],"product_tag":[],"_links":{"self":[{"href":"https:\/\/harveycp.vitelline.net\/index.php?rest_route=\/wp\/v2\/product\/2320"}],"collection":[{"href":"https:\/\/harveycp.vitelline.net\/index.php?rest_route=\/wp\/v2\/product"}],"about":[{"href":"https:\/\/harveycp.vitelline.net\/index.php?rest_route=\/wp\/v2\/types\/product"}],"replies":[{"embeddable":true,"href":"https:\/\/harveycp.vitelline.net\/index.php?rest_route=%2Fwp%2Fv2%2Fcomments&post=2320"}],"wp:featuredmedia":[{"embeddable":true,"href":"https:\/\/harveycp.vitelline.net\/index.php?rest_route=\/wp\/v2\/media\/2325"}],"wp:attachment":[{"href":"https:\/\/harveycp.vitelline.net\/index.php?rest_route=%2Fwp%2Fv2%2Fmedia&parent=2320"}],"wp:term":[{"taxonomy":"product_cat","embeddable":true,"href":"https:\/\/harveycp.vitelline.net\/index.php?rest_route=%2Fwp%2Fv2%2Fproduct_cat&post=2320"},{"taxonomy":"product_tag","embeddable":true,"href":"https:\/\/harveycp.vitelline.net\/index.php?rest_route=%2Fwp%2Fv2%2Fproduct_tag&post=2320"}],"curies":[{"name":"wp","href":"https:\/\/api.w.org\/{rel}","templated":true}]}}