{"id":2304,"date":"2018-08-17T13:17:19","date_gmt":"2018-08-17T13:17:19","guid":{"rendered":"https:\/\/harveycp.vitelline.net\/?post_type=product&#038;p=2304"},"modified":"2021-11-16T15:41:03","modified_gmt":"2021-11-16T15:41:03","slug":"triumfatori-pe-geninchi-vol-i-2","status":"publish","type":"product","link":"https:\/\/harveycp.vitelline.net\/?product=triumfatori-pe-geninchi-vol-i-2","title":{"rendered":"TRIUMF\u0102TORI PE GENINCHI vol. I"},"content":{"rendered":"<div id=\"tab-description\" class=\"woocommerce-Tabs-panel woocommerce-Tabs-panel--description panel entry-content wc-tab\" role=\"tabpanel\" aria-labelledby=\"tab-title-description\">\n<p>Aceast\u0103 carte, compus de Edwin F. &amp; Lillian G. Harvey, ne demonstreaz\u0103 cu putere c\u0103 biruin\u0163ele adev\u0103rate \u015fi nepieritoare se ob\u0163in numai pe genunchi, \u00eentr-o atitudine de total\u0103 dependen\u0163\u0103 de Dumnezeu.Cartea \u00eensumeaz\u0103 60 de articole scurte, care sunt asemenea unor filoane de aur deosebit de pre\u0163ioase, subiectele fiind aranjate de autori dup\u0103 o clasificare logic\u0103: \u201eImportan\u0163a rug\u0103ciunii\u201c, \u201eTimp de rug\u0103ciune\u201c, \u201eRug\u0103ciune \u015fi comuniune\u201c, \u201ePiedici \u00een calea rug\u0103-ciunii\u201c, \u201eRug\u0103ciunea de mijlocire\u201c, \u201eRug\u0103ciune \u015fi credin\u0163\u0103\u201c.<\/p>\n<p>\u201e\u00cen spatele fiec\u0103reia dintre marile mi\u015fc\u0103ri ale lui Dumnezeu se afl\u0103 un om pe genunchi, \u00een rug\u0103ciune\u201c, spunea D. L. Moody.<\/p>\n<\/div>\n","protected":false},"excerpt":{"rendered":"<p>Aceast\u0103 carte, compus de Edwin F. &amp; Lillian G. Harvey, ne demonstreaz\u0103 cu putere c\u0103 biruin\u0163ele adev\u0103rate \u015fi nepieritoare se ob\u0163in numai pe genunchi, \u00eentr-o atitudine de total\u0103 dependen\u0163\u0103 de Dumnezeu.Cartea \u00eensumeaz\u0103 60 de articole scurte, care sunt asemenea unor filoane de aur deosebit de pre\u0163ioase, subiectele fiind aranjate de autori dup\u0103 o clasificare logic\u0103: [&hellip;]<\/p>\n","protected":false},"featured_media":2337,"comment_status":"open","ping_status":"closed","template":"","meta":[],"product_cat":[52,21,54],"product_tag":[827,1253,1255,1254,1137],"_links":{"self":[{"href":"https:\/\/harveycp.vitelline.net\/index.php?rest_route=\/wp\/v2\/product\/2304"}],"collection":[{"href":"https:\/\/harveycp.vitelline.net\/index.php?rest_route=\/wp\/v2\/product"}],"about":[{"href":"https:\/\/harveycp.vitelline.net\/index.php?rest_route=\/wp\/v2\/types\/product"}],"replies":[{"embeddable":true,"href":"https:\/\/harveycp.vitelline.net\/index.php?rest_route=%2Fwp%2Fv2%2Fcomments&post=2304"}],"wp:featuredmedia":[{"embeddable":true,"href":"https:\/\/harveycp.vitelline.net\/index.php?rest_route=\/wp\/v2\/media\/2337"}],"wp:attachment":[{"href":"https:\/\/harveycp.vitelline.net\/index.php?rest_route=%2Fwp%2Fv2%2Fmedia&parent=2304"}],"wp:term":[{"taxonomy":"product_cat","embeddable":true,"href":"https:\/\/harveycp.vitelline.net\/index.php?rest_route=%2Fwp%2Fv2%2Fproduct_cat&post=2304"},{"taxonomy":"product_tag","embeddable":true,"href":"https:\/\/harveycp.vitelline.net\/index.php?rest_route=%2Fwp%2Fv2%2Fproduct_tag&post=2304"}],"curies":[{"name":"wp","href":"https:\/\/api.w.org\/{rel}","templated":true}]}}