{"id":1384,"date":"2018-03-27T03:06:36","date_gmt":"2018-03-27T03:06:36","guid":{"rendered":"https:\/\/harveycp.vitelline.net\/?post_type=product&#038;p=1384"},"modified":"2024-10-21T15:48:24","modified_gmt":"2024-10-21T15:48:24","slug":"smerenia-insemnul-regal","status":"publish","type":"product","link":"https:\/\/harveycp.vitelline.net\/?product=smerenia-insemnul-regal","title":{"rendered":"SMERENIA \u2014 INSEMNUL  REGAL"},"content":{"rendered":"<p style=\"font-weight: 400;\">O compila\u0163ie din 98 de mini-capitole, \u201edepuse\u201c de-a lungul a peste\u00a0\u00a0dou\u0103 decenii \u015fi con\u0163in\u00e2nd m\u0103rturiile a vreo 200 de oameni evlavio\u015fi despre pericolele m\u00e2ndriei \u015fi beneficiile smereniei. Cum \u201esmerenia este singurul ogor \u00een care prinde r\u0103d\u0103cin\u0103 harul\u201c, mesajul c\u0103r\u0163ii este deosebit de actual.<\/p>\n<p style=\"font-weight: 400;\">\u00a0\u00a0\u00a0\u00a0C\u0103ci, dac\u0103 smerenie nu e, nimic nu e&#8230;<\/p>\n<p>Autori: Edwin F. &amp; Lillian G. Harvey<\/p>\n<p style=\"font-weight: 400;\">\n","protected":false},"excerpt":{"rendered":"<p>O compila\u0163ie din 98 de mini-capitole, \u201edepuse\u201c de-a lungul a peste\u00a0\u00a0dou\u0103 decenii \u015fi con\u0163in\u00e2nd m\u0103rturiile a vreo 200 de oameni evlavio\u015fi despre pericolele m\u00e2ndriei \u015fi beneficiile smereniei. Cum \u201esmerenia este singurul ogor \u00een care prinde r\u0103d\u0103cin\u0103 harul\u201c, mesajul c\u0103r\u0163ii este deosebit de actual. \u00a0\u00a0\u00a0\u00a0C\u0103ci, dac\u0103 smerenie nu e, nimic nu e&#8230; Autori: Edwin F. &amp; [&hellip;]<\/p>\n","protected":false},"featured_media":1385,"comment_status":"open","ping_status":"closed","template":"","meta":[],"product_cat":[15,54],"product_tag":[1156,1157,1158,1155,1159,1153],"_links":{"self":[{"href":"https:\/\/harveycp.vitelline.net\/index.php?rest_route=\/wp\/v2\/product\/1384"}],"collection":[{"href":"https:\/\/harveycp.vitelline.net\/index.php?rest_route=\/wp\/v2\/product"}],"about":[{"href":"https:\/\/harveycp.vitelline.net\/index.php?rest_route=\/wp\/v2\/types\/product"}],"replies":[{"embeddable":true,"href":"https:\/\/harveycp.vitelline.net\/index.php?rest_route=%2Fwp%2Fv2%2Fcomments&post=1384"}],"wp:featuredmedia":[{"embeddable":true,"href":"https:\/\/harveycp.vitelline.net\/index.php?rest_route=\/wp\/v2\/media\/1385"}],"wp:attachment":[{"href":"https:\/\/harveycp.vitelline.net\/index.php?rest_route=%2Fwp%2Fv2%2Fmedia&parent=1384"}],"wp:term":[{"taxonomy":"product_cat","embeddable":true,"href":"https:\/\/harveycp.vitelline.net\/index.php?rest_route=%2Fwp%2Fv2%2Fproduct_cat&post=1384"},{"taxonomy":"product_tag","embeddable":true,"href":"https:\/\/harveycp.vitelline.net\/index.php?rest_route=%2Fwp%2Fv2%2Fproduct_tag&post=1384"}],"curies":[{"name":"wp","href":"https:\/\/api.w.org\/{rel}","templated":true}]}}