{"id":1382,"date":"2018-03-27T03:00:56","date_gmt":"2018-03-27T03:00:56","guid":{"rendered":"https:\/\/harveycp.vitelline.net\/?post_type=product&#038;p=1382"},"modified":"2021-11-16T15:50:47","modified_gmt":"2021-11-16T15:50:47","slug":"singuratate-seria-evocari","status":"publish","type":"product","link":"https:\/\/harveycp.vitelline.net\/?product=singuratate-seria-evocari","title":{"rendered":"SINGUR\u0102TATE &#8211; seria Evoc\u0103ri"},"content":{"rendered":"<p style=\"font-weight: 400;\">Poate c\u0103 cea mai mare durere a omului modern este, paradoxal, singur\u0103tatea. \u015etiin\u0163a \u015fi tehnica ne-au adus puzderie de semeni dincoace de prag. \u015ei totu\u015fi&#8230;Aceast\u0103 carte, al doilia din Seria Evoc\u0103ri <span lang=\"ro\">\u0219i compus de Edwin F. &amp; Lillian G.Harvey, <\/span>cu cel 25 de mini-capitole ale sale, ne face s\u0103 auzim voci care \u201ene vorbesc peste vremuri\u201c. \u015ei aceasta, pentrui ca s\u0103 putem transforma singur\u0103tatea \u00een&#8230; drag de via\u0163\u0103.<\/p>\n<p><em>Tu e\u015fti nespus de singur&#8230; \u015ei te doare&#8230;<br \/>\n\u00ce\u0163i este frig, de\u015fi-i at\u00e2ta soare&#8230;<br \/>\nAh, izgone\u015fte stol de triste g\u00e2nduri<br \/>\nS\u0103 po\u0163i citi domol aceste r\u00e2nduri<br \/>\nS\u0103 po\u0163i citi domol aceste r\u00e2nduri<br \/>\n\u015ei vei afla re\u0163eta ce te-nva\u0163\u0103<br \/>\nCum schimbi singur\u0103tatea-n&#8230;<br \/>\ndrag de via\u0163\u0103.<\/em><\/p>\n","protected":false},"excerpt":{"rendered":"<p>Poate c\u0103 cea mai mare durere a omului modern este, paradoxal, singur\u0103tatea. \u015etiin\u0163a \u015fi tehnica ne-au adus puzderie de semeni dincoace de prag. \u015ei totu\u015fi&#8230;Aceast\u0103 carte, al doilia din Seria Evoc\u0103ri \u0219i compus de Edwin F. &amp; Lillian G.Harvey, cu cel 25 de mini-capitole ale sale, ne face s\u0103 auzim voci care \u201ene vorbesc peste [&hellip;]<\/p>\n","protected":false},"featured_media":1383,"comment_status":"open","ping_status":"closed","template":"","meta":[],"product_cat":[15,54],"product_tag":[1152,1150,1148,1149,1151,1147],"_links":{"self":[{"href":"https:\/\/harveycp.vitelline.net\/index.php?rest_route=\/wp\/v2\/product\/1382"}],"collection":[{"href":"https:\/\/harveycp.vitelline.net\/index.php?rest_route=\/wp\/v2\/product"}],"about":[{"href":"https:\/\/harveycp.vitelline.net\/index.php?rest_route=\/wp\/v2\/types\/product"}],"replies":[{"embeddable":true,"href":"https:\/\/harveycp.vitelline.net\/index.php?rest_route=%2Fwp%2Fv2%2Fcomments&post=1382"}],"wp:featuredmedia":[{"embeddable":true,"href":"https:\/\/harveycp.vitelline.net\/index.php?rest_route=\/wp\/v2\/media\/1383"}],"wp:attachment":[{"href":"https:\/\/harveycp.vitelline.net\/index.php?rest_route=%2Fwp%2Fv2%2Fmedia&parent=1382"}],"wp:term":[{"taxonomy":"product_cat","embeddable":true,"href":"https:\/\/harveycp.vitelline.net\/index.php?rest_route=%2Fwp%2Fv2%2Fproduct_cat&post=1382"},{"taxonomy":"product_tag","embeddable":true,"href":"https:\/\/harveycp.vitelline.net\/index.php?rest_route=%2Fwp%2Fv2%2Fproduct_tag&post=1382"}],"curies":[{"name":"wp","href":"https:\/\/api.w.org\/{rel}","templated":true}]}}