{"id":1378,"date":"2018-03-27T02:30:02","date_gmt":"2018-03-27T02:30:02","guid":{"rendered":"https:\/\/harveycp.vitelline.net\/?post_type=product&#038;p=1378"},"modified":"2022-05-05T14:28:53","modified_gmt":"2022-05-05T14:28:53","slug":"rugandu-l-pe-tatal-ceresc","status":"publish","type":"product","link":"https:\/\/harveycp.vitelline.net\/?product=rugandu-l-pe-tatal-ceresc","title":{"rendered":"RUG\u00c2NDU-L  PE  TAT\u0102L  CERESC"},"content":{"rendered":"<p style=\"font-weight: 400;\">Apelativul \u201eTat\u0103l nostru, Care e\u015fti \u00een ceruri\u201c nu este inven\u0163ia unor oameni evlavio\u015fi, ci unul dintre \u201em\u0103rg\u0103ritarele\u201c \u00eencredin\u0163ate de M\u00e2ntuitorul tuturor urma\u015filor S\u0103i.<br \/>\nLectura c\u0103r\u0163ii de fa\u0163\u0103 este un argument \u00een plus s\u0103 tr\u0103im \u201erug\u00e2ndu-L pe Tat\u0103l ceresc\u201c: copii \u015fi adul\u0163i deopotriv\u0103.<\/p>\n<p style=\"font-weight: 400;\"><em>\u2018Nainte s\u0103-\u0163i \u00eenve\u0163i<br \/>\nCopilu-a spune \u201ep\u00e2ine\u201c,<br \/>\n\u2018Nainte s\u0103-i \u00eendrep\u0163i<br \/>\nPrivirea c\u0103tre \u201em\u00e2ine\u201c,<br \/>\nArat\u0103-i simplu bolta \u00eenstelat\u0103<br \/>\n\u015e<em>i-nva\u0163\u0103-l bl\u00e2nd s\u0103 strige:<br \/>\n\u201eTat\u0103! Tat\u0103!\u201c<\/em><\/em><\/p>\n<p>Autori: Edwin F. &amp; Lillian G. Harvey &amp; Trudy Harvey Tait<\/p>\n","protected":false},"excerpt":{"rendered":"<p>Apelativul \u201eTat\u0103l nostru, Care e\u015fti \u00een ceruri\u201c nu este inven\u0163ia unor oameni evlavio\u015fi, ci unul dintre \u201em\u0103rg\u0103ritarele\u201c \u00eencredin\u0163ate de M\u00e2ntuitorul tuturor urma\u015filor S\u0103i. Lectura c\u0103r\u0163ii de fa\u0163\u0103 este un argument \u00een plus s\u0103 tr\u0103im \u201erug\u00e2ndu-L pe Tat\u0103l ceresc\u201c: copii \u015fi adul\u0163i deopotriv\u0103. \u2018Nainte s\u0103-\u0163i \u00eenve\u0163i Copilu-a spune \u201ep\u00e2ine\u201c, \u2018Nainte s\u0103-i \u00eendrep\u0163i Privirea c\u0103tre \u201em\u00e2ine\u201c, Arat\u0103-i [&hellip;]<\/p>\n","protected":false},"featured_media":1379,"comment_status":"open","ping_status":"closed","template":"","meta":[],"product_cat":[15,54],"product_tag":[1168,1169,1166,1170,1171,1167,688],"_links":{"self":[{"href":"https:\/\/harveycp.vitelline.net\/index.php?rest_route=\/wp\/v2\/product\/1378"}],"collection":[{"href":"https:\/\/harveycp.vitelline.net\/index.php?rest_route=\/wp\/v2\/product"}],"about":[{"href":"https:\/\/harveycp.vitelline.net\/index.php?rest_route=\/wp\/v2\/types\/product"}],"replies":[{"embeddable":true,"href":"https:\/\/harveycp.vitelline.net\/index.php?rest_route=%2Fwp%2Fv2%2Fcomments&post=1378"}],"wp:featuredmedia":[{"embeddable":true,"href":"https:\/\/harveycp.vitelline.net\/index.php?rest_route=\/wp\/v2\/media\/1379"}],"wp:attachment":[{"href":"https:\/\/harveycp.vitelline.net\/index.php?rest_route=%2Fwp%2Fv2%2Fmedia&parent=1378"}],"wp:term":[{"taxonomy":"product_cat","embeddable":true,"href":"https:\/\/harveycp.vitelline.net\/index.php?rest_route=%2Fwp%2Fv2%2Fproduct_cat&post=1378"},{"taxonomy":"product_tag","embeddable":true,"href":"https:\/\/harveycp.vitelline.net\/index.php?rest_route=%2Fwp%2Fv2%2Fproduct_tag&post=1378"}],"curies":[{"name":"wp","href":"https:\/\/api.w.org\/{rel}","templated":true}]}}