{"id":1376,"date":"2018-03-27T01:52:32","date_gmt":"2018-03-27T01:52:32","guid":{"rendered":"https:\/\/harveycp.vitelline.net\/?post_type=product&#038;p=1376"},"modified":"2021-11-16T15:52:26","modified_gmt":"2021-11-16T15:52:26","slug":"ratacirea-drumului","status":"publish","type":"product","link":"https:\/\/harveycp.vitelline.net\/?product=ratacirea-drumului","title":{"rendered":"R\u0102T\u0102CIREA  DRUMULUI"},"content":{"rendered":"<p>Ca misionar\u0103,\u00a0\u00a0Patricia St. John a deschis multor marocani drumul spre Dumnezeu; ca\u00a0\u00a0scriitoare pentru copii, le-a deschis un drum spre \u201eMisterul din p\u0103dure\u201c identific\u00e2nd c\u00e2teva \u201eUrme \u00een z\u0103pad\u0103\u201c, iar prin aceast\u0103 carte \u00eei avertizeaz\u0103 pe adul\u0163i asupra a 6 p\u0103cate care duc la&#8230; r\u0103t\u0103cirea drumului. Care este remediul? <span lang=\"ro\">\u00ce<\/span>l <span lang=\"ro\">ve\u021bi g\u0103si \u00een aceast\u0103 carte.<\/span><\/p>\n<p>&nbsp;<\/p>\n<p style=\"font-weight: 400;\">\n","protected":false},"excerpt":{"rendered":"<p>Ca misionar\u0103,\u00a0\u00a0Patricia St. John a deschis multor marocani drumul spre Dumnezeu; ca\u00a0\u00a0scriitoare pentru copii, le-a deschis un drum spre \u201eMisterul din p\u0103dure\u201c identific\u00e2nd c\u00e2teva \u201eUrme \u00een z\u0103pad\u0103\u201c, iar prin aceast\u0103 carte \u00eei avertizeaz\u0103 pe adul\u0163i asupra a 6 p\u0103cate care duc la&#8230; r\u0103t\u0103cirea drumului. Care este remediul? \u00cel ve\u021bi g\u0103si \u00een aceast\u0103 carte. &nbsp;<\/p>\n","protected":false},"featured_media":1377,"comment_status":"open","ping_status":"closed","template":"","meta":[],"product_cat":[15,54],"product_tag":[1156,1175,1097,1172,1174,1173,686,1141],"_links":{"self":[{"href":"https:\/\/harveycp.vitelline.net\/index.php?rest_route=\/wp\/v2\/product\/1376"}],"collection":[{"href":"https:\/\/harveycp.vitelline.net\/index.php?rest_route=\/wp\/v2\/product"}],"about":[{"href":"https:\/\/harveycp.vitelline.net\/index.php?rest_route=\/wp\/v2\/types\/product"}],"replies":[{"embeddable":true,"href":"https:\/\/harveycp.vitelline.net\/index.php?rest_route=%2Fwp%2Fv2%2Fcomments&post=1376"}],"wp:featuredmedia":[{"embeddable":true,"href":"https:\/\/harveycp.vitelline.net\/index.php?rest_route=\/wp\/v2\/media\/1377"}],"wp:attachment":[{"href":"https:\/\/harveycp.vitelline.net\/index.php?rest_route=%2Fwp%2Fv2%2Fmedia&parent=1376"}],"wp:term":[{"taxonomy":"product_cat","embeddable":true,"href":"https:\/\/harveycp.vitelline.net\/index.php?rest_route=%2Fwp%2Fv2%2Fproduct_cat&post=1376"},{"taxonomy":"product_tag","embeddable":true,"href":"https:\/\/harveycp.vitelline.net\/index.php?rest_route=%2Fwp%2Fv2%2Fproduct_tag&post=1376"}],"curies":[{"name":"wp","href":"https:\/\/api.w.org\/{rel}","templated":true}]}}