{"id":1372,"date":"2018-03-27T01:00:56","date_gmt":"2018-03-27T01:00:56","guid":{"rendered":"https:\/\/harveycp.vitelline.net\/?post_type=product&#038;p=1372"},"modified":"2021-11-16T15:53:44","modified_gmt":"2021-11-16T15:53:44","slug":"frustrare-seria-evocari","status":"publish","type":"product","link":"https:\/\/harveycp.vitelline.net\/?product=frustrare-seria-evocari","title":{"rendered":"FRUSTRARE &#8211;  seria Evoc\u0103ri"},"content":{"rendered":"<p>Ai dat cumva \u015fi tu de gustul amar al e\u015fecului \u015fi al falimentului? Ai alunecat \u00een bezna depresiei sau a frustr\u0103rii? Te-ai pomenit aruncat \u00een mla\u015ftina tr\u0103d\u0103rii sau a respingerii? Dac\u0103 da, cel mai bun remediu pe care \u0163i-l putem oferi este aceast\u0103 inegalabil\u0103 carte, compilat de Edwin F. &amp; Lillian G. Harvey. Drumul t\u0103u spre fericire trece prin lectura c\u0103r\u0163ii Frustrare&#8230; Cite\u015fte-o, \u015fi convinge-te! Apoi, nu ezita s-o recomanzi\u00a0 \u015fi altor &#8230;frustra\u0163i!<\/p>\n","protected":false},"excerpt":{"rendered":"<p>Ai dat cumva \u015fi tu de gustul amar al e\u015fecului \u015fi al falimentului? Ai alunecat \u00een bezna depresiei sau a frustr\u0103rii? Te-ai pomenit aruncat \u00een mla\u015ftina tr\u0103d\u0103rii sau a respingerii? Dac\u0103 da, cel mai bun remediu pe care \u0163i-l putem oferi este aceast\u0103 inegalabil\u0103 carte, compilat de Edwin F. &amp; Lillian G. Harvey. Drumul t\u0103u [&hellip;]<\/p>\n","protected":false},"featured_media":1373,"comment_status":"open","ping_status":"closed","template":"","meta":[],"product_cat":[15,54],"product_tag":[1178,683,1179,1180,1182,1181],"_links":{"self":[{"href":"https:\/\/harveycp.vitelline.net\/index.php?rest_route=\/wp\/v2\/product\/1372"}],"collection":[{"href":"https:\/\/harveycp.vitelline.net\/index.php?rest_route=\/wp\/v2\/product"}],"about":[{"href":"https:\/\/harveycp.vitelline.net\/index.php?rest_route=\/wp\/v2\/types\/product"}],"replies":[{"embeddable":true,"href":"https:\/\/harveycp.vitelline.net\/index.php?rest_route=%2Fwp%2Fv2%2Fcomments&post=1372"}],"wp:featuredmedia":[{"embeddable":true,"href":"https:\/\/harveycp.vitelline.net\/index.php?rest_route=\/wp\/v2\/media\/1373"}],"wp:attachment":[{"href":"https:\/\/harveycp.vitelline.net\/index.php?rest_route=%2Fwp%2Fv2%2Fmedia&parent=1372"}],"wp:term":[{"taxonomy":"product_cat","embeddable":true,"href":"https:\/\/harveycp.vitelline.net\/index.php?rest_route=%2Fwp%2Fv2%2Fproduct_cat&post=1372"},{"taxonomy":"product_tag","embeddable":true,"href":"https:\/\/harveycp.vitelline.net\/index.php?rest_route=%2Fwp%2Fv2%2Fproduct_tag&post=1372"}],"curies":[{"name":"wp","href":"https:\/\/api.w.org\/{rel}","templated":true}]}}