{"id":1366,"date":"2018-03-26T23:54:20","date_gmt":"2018-03-26T23:54:20","guid":{"rendered":"https:\/\/harveycp.vitelline.net\/?post_type=product&#038;p=1366"},"modified":"2021-05-31T19:30:13","modified_gmt":"2021-05-31T19:30:13","slug":"ei-l-au-cunoscut-pe-dumnezeul-lor-vol-ii","status":"publish","type":"product","link":"https:\/\/harveycp.vitelline.net\/?product=ei-l-au-cunoscut-pe-dumnezeul-lor-vol-ii","title":{"rendered":"EI L-AU  CUNOSCUT  PE  DUMNEZEUL  LOR vol. II"},"content":{"rendered":"<p>Este cealalt\u0103 \u201epiatr\u0103 de moar\u0103\u201c, necesara \u015fi binevenita continuare a primului volum. Secven\u0163a din via\u0163a acestor cre\u015ftini at\u00e2t de diferi\u0163i prin cultur\u0103, na\u0163ionalitate, context social \u015fi istoric, dar av\u00e2nd aceea\u015fi tr\u0103s\u0103tur\u0103 fundamental\u0103: <em>\u201eEi L-au cunoscut pe Dumnezeul lor.\u201c<\/em> Cite\u015fte, \u015fi te vei convinge!<\/p>\n","protected":false},"excerpt":{"rendered":"<p>Este cealalt\u0103 \u201epiatr\u0103 de moar\u0103\u201c, necesara \u015fi binevenita continuare a primului volum. Secven\u0163a din via\u0163a acestor cre\u015ftini at\u00e2t de diferi\u0163i prin cultur\u0103, na\u0163ionalitate, context social \u015fi istoric, dar av\u00e2nd aceea\u015fi tr\u0103s\u0103tur\u0103 fundamental\u0103: \u201eEi L-au cunoscut pe Dumnezeul lor.\u201c Cite\u015fte, \u015fi te vei convinge!<\/p>\n","protected":false},"featured_media":1367,"comment_status":"open","ping_status":"closed","template":"","meta":[],"product_cat":[15,54],"product_tag":[675],"_links":{"self":[{"href":"https:\/\/harveycp.vitelline.net\/index.php?rest_route=\/wp\/v2\/product\/1366"}],"collection":[{"href":"https:\/\/harveycp.vitelline.net\/index.php?rest_route=\/wp\/v2\/product"}],"about":[{"href":"https:\/\/harveycp.vitelline.net\/index.php?rest_route=\/wp\/v2\/types\/product"}],"replies":[{"embeddable":true,"href":"https:\/\/harveycp.vitelline.net\/index.php?rest_route=%2Fwp%2Fv2%2Fcomments&post=1366"}],"wp:featuredmedia":[{"embeddable":true,"href":"https:\/\/harveycp.vitelline.net\/index.php?rest_route=\/wp\/v2\/media\/1367"}],"wp:attachment":[{"href":"https:\/\/harveycp.vitelline.net\/index.php?rest_route=%2Fwp%2Fv2%2Fmedia&parent=1366"}],"wp:term":[{"taxonomy":"product_cat","embeddable":true,"href":"https:\/\/harveycp.vitelline.net\/index.php?rest_route=%2Fwp%2Fv2%2Fproduct_cat&post=1366"},{"taxonomy":"product_tag","embeddable":true,"href":"https:\/\/harveycp.vitelline.net\/index.php?rest_route=%2Fwp%2Fv2%2Fproduct_tag&post=1366"}],"curies":[{"name":"wp","href":"https:\/\/api.w.org\/{rel}","templated":true}]}}