{"id":1363,"date":"2018-03-26T23:27:56","date_gmt":"2018-03-26T23:27:56","guid":{"rendered":"https:\/\/harveycp.vitelline.net\/?post_type=product&#038;p=1363"},"modified":"2022-05-05T14:50:26","modified_gmt":"2022-05-05T14:50:26","slug":"ei-l-au-cunoscut-pe-dumnezeul-lor-vol-i","status":"publish","type":"product","link":"https:\/\/harveycp.vitelline.net\/?product=ei-l-au-cunoscut-pe-dumnezeul-lor-vol-i","title":{"rendered":"EI L-AU  CUNOSCUT  PE  DUMNEZEUL  LOR vol. I"},"content":{"rendered":"<p style=\"font-weight: 400;\">Cartea se constituie ca o culegere de biografii ale unor cre\u015ftini de diferite na\u0163ionalit\u0103\u0163i \u015fi din diverse perioade istorice. Priv<span lang=\"ro\">\u00een<\/span>d cu a<span lang=\"ro\">ten\u0163ie la pilda <\/span><span lang=\"ro\">\u00een<\/span>ainta<span lang=\"ro\">\u0219i<\/span>lor no<span lang=\"ro\">\u0219t<\/span>ri, vom discoperi cum lucreaz<span lang=\"ro\">\u0103<\/span> Dumnezeu si ce lucruri minunate poate face El, atunci c<span lang=\"ro\">\u00een<\/span>d nu punem cu totul la dispozi<span lang=\"ro\">\u0163<\/span>ia Sa.<\/p>\n<p>&nbsp;<\/p>\n","protected":false},"excerpt":{"rendered":"<p>Cartea se constituie ca o culegere de biografii ale unor cre\u015ftini de diferite na\u0163ionalit\u0103\u0163i \u015fi din diverse perioade istorice. Priv\u00eend cu aten\u0163ie la pilda \u00eenainta\u0219ilor no\u0219tri, vom discoperi cum lucreaz\u0103 Dumnezeu si ce lucruri minunate poate face El, atunci c\u00eend nu punem cu totul la dispozi\u0163ia Sa. &nbsp;<\/p>\n","protected":false},"featured_media":3081,"comment_status":"open","ping_status":"closed","template":"","meta":[],"product_cat":[15,54],"product_tag":[673],"_links":{"self":[{"href":"https:\/\/harveycp.vitelline.net\/index.php?rest_route=\/wp\/v2\/product\/1363"}],"collection":[{"href":"https:\/\/harveycp.vitelline.net\/index.php?rest_route=\/wp\/v2\/product"}],"about":[{"href":"https:\/\/harveycp.vitelline.net\/index.php?rest_route=\/wp\/v2\/types\/product"}],"replies":[{"embeddable":true,"href":"https:\/\/harveycp.vitelline.net\/index.php?rest_route=%2Fwp%2Fv2%2Fcomments&post=1363"}],"wp:featuredmedia":[{"embeddable":true,"href":"https:\/\/harveycp.vitelline.net\/index.php?rest_route=\/wp\/v2\/media\/3081"}],"wp:attachment":[{"href":"https:\/\/harveycp.vitelline.net\/index.php?rest_route=%2Fwp%2Fv2%2Fmedia&parent=1363"}],"wp:term":[{"taxonomy":"product_cat","embeddable":true,"href":"https:\/\/harveycp.vitelline.net\/index.php?rest_route=%2Fwp%2Fv2%2Fproduct_cat&post=1363"},{"taxonomy":"product_tag","embeddable":true,"href":"https:\/\/harveycp.vitelline.net\/index.php?rest_route=%2Fwp%2Fv2%2Fproduct_tag&post=1363"}],"curies":[{"name":"wp","href":"https:\/\/api.w.org\/{rel}","templated":true}]}}