{"id":1358,"date":"2018-03-26T22:49:56","date_gmt":"2018-03-26T22:49:56","guid":{"rendered":"https:\/\/harveycp.vitelline.net\/?post_type=product&#038;p=1358"},"modified":"2021-11-16T15:58:58","modified_gmt":"2021-11-16T15:58:58","slug":"cum-s-au-rugat-ei-vol-3","status":"publish","type":"product","link":"https:\/\/harveycp.vitelline.net\/?product=cum-s-au-rugat-ei-vol-3","title":{"rendered":"Cum s-au rugat ei vol. 3"},"content":{"rendered":"<p>Prin lectura celor 16 mini-capitole cititorul va ob\u0163ine informa\u0163ii foarte interesante si extrem de utile despre focul trezirilor spirituale izbucnit \u00een diverse locuri \u015fi \u00een diferite momente din istoria bisericii.<\/p>\n<p>Vrei s\u0103 aflii ceva nou despre cre\u015ftini de seam\u0103 ca Moody, Finney, Fraser \u015fi angajatul lor, s-au pagini din istoria misiunii evanghelice \u00een China, Japonia, Extremul Orient, India, Congo Belgian? Le ai aici.<\/p>\n<p>Autori: Edwin &amp; Lillian Harvey<\/p>\n","protected":false},"excerpt":{"rendered":"<p>Prin lectura celor 16 mini-capitole cititorul va ob\u0163ine informa\u0163ii foarte interesante si extrem de utile despre focul trezirilor spirituale izbucnit \u00een diverse locuri \u015fi \u00een diferite momente din istoria bisericii. Vrei s\u0103 aflii ceva nou despre cre\u015ftini de seam\u0103 ca Moody, Finney, Fraser \u015fi angajatul lor, s-au pagini din istoria misiunii evanghelice \u00een China, Japonia, [&hellip;]<\/p>\n","protected":false},"featured_media":1359,"comment_status":"open","ping_status":"closed","template":"","meta":[],"product_cat":[15,54],"product_tag":[1196,1195,1148,1140,1167,1193,1137,1194],"_links":{"self":[{"href":"https:\/\/harveycp.vitelline.net\/index.php?rest_route=\/wp\/v2\/product\/1358"}],"collection":[{"href":"https:\/\/harveycp.vitelline.net\/index.php?rest_route=\/wp\/v2\/product"}],"about":[{"href":"https:\/\/harveycp.vitelline.net\/index.php?rest_route=\/wp\/v2\/types\/product"}],"replies":[{"embeddable":true,"href":"https:\/\/harveycp.vitelline.net\/index.php?rest_route=%2Fwp%2Fv2%2Fcomments&post=1358"}],"wp:featuredmedia":[{"embeddable":true,"href":"https:\/\/harveycp.vitelline.net\/index.php?rest_route=\/wp\/v2\/media\/1359"}],"wp:attachment":[{"href":"https:\/\/harveycp.vitelline.net\/index.php?rest_route=%2Fwp%2Fv2%2Fmedia&parent=1358"}],"wp:term":[{"taxonomy":"product_cat","embeddable":true,"href":"https:\/\/harveycp.vitelline.net\/index.php?rest_route=%2Fwp%2Fv2%2Fproduct_cat&post=1358"},{"taxonomy":"product_tag","embeddable":true,"href":"https:\/\/harveycp.vitelline.net\/index.php?rest_route=%2Fwp%2Fv2%2Fproduct_tag&post=1358"}],"curies":[{"name":"wp","href":"https:\/\/api.w.org\/{rel}","templated":true}]}}