{"id":1356,"date":"2018-03-26T22:38:16","date_gmt":"2018-03-26T22:38:16","guid":{"rendered":"https:\/\/harveycp.vitelline.net\/?post_type=product&#038;p=1356"},"modified":"2021-11-16T15:59:28","modified_gmt":"2021-11-16T15:59:28","slug":"cum-s-au-rugat-ei-vol-2","status":"publish","type":"product","link":"https:\/\/harveycp.vitelline.net\/?product=cum-s-au-rugat-ei-vol-2","title":{"rendered":"Cum s-au rugat ei vol. 2"},"content":{"rendered":"<p>&#8220;Celor 19 mini-capitole ale primului volum din acest serial care ne introduc \u00een atmosfera intim\u0103, familiar\u0103 a unor binecuv\u00e2nta\u0163i oameni ai rug\u0103ciunii, li se adaug\u0103 alte 12 m\u0103rturii despre felul \u00een care s-au rugat remarcabili slujitori ai Evangheliei: britanici, sco\u0163ieni, galezi, americani, germani. A\u015fadar, o lectur\u0103 interesant\u0103, motivant\u0103, contagioas\u0103.<\/p>\n<p>Autori: Edwin F. &amp; Lillian G. Harvey<\/p>\n","protected":false},"excerpt":{"rendered":"<p>&#8220;Celor 19 mini-capitole ale primului volum din acest serial care ne introduc \u00een atmosfera intim\u0103, familiar\u0103 a unor binecuv\u00e2nta\u0163i oameni ai rug\u0103ciunii, li se adaug\u0103 alte 12 m\u0103rturii despre felul \u00een care s-au rugat remarcabili slujitori ai Evangheliei: britanici, sco\u0163ieni, galezi, americani, germani. A\u015fadar, o lectur\u0103 interesant\u0103, motivant\u0103, contagioas\u0103. Autori: Edwin F. &amp; Lillian G. [&hellip;]<\/p>\n","protected":false},"featured_media":1357,"comment_status":"open","ping_status":"closed","template":"","meta":[],"product_cat":[15,54],"product_tag":[1196,1197,1198,1167,1199],"_links":{"self":[{"href":"https:\/\/harveycp.vitelline.net\/index.php?rest_route=\/wp\/v2\/product\/1356"}],"collection":[{"href":"https:\/\/harveycp.vitelline.net\/index.php?rest_route=\/wp\/v2\/product"}],"about":[{"href":"https:\/\/harveycp.vitelline.net\/index.php?rest_route=\/wp\/v2\/types\/product"}],"replies":[{"embeddable":true,"href":"https:\/\/harveycp.vitelline.net\/index.php?rest_route=%2Fwp%2Fv2%2Fcomments&post=1356"}],"wp:featuredmedia":[{"embeddable":true,"href":"https:\/\/harveycp.vitelline.net\/index.php?rest_route=\/wp\/v2\/media\/1357"}],"wp:attachment":[{"href":"https:\/\/harveycp.vitelline.net\/index.php?rest_route=%2Fwp%2Fv2%2Fmedia&parent=1356"}],"wp:term":[{"taxonomy":"product_cat","embeddable":true,"href":"https:\/\/harveycp.vitelline.net\/index.php?rest_route=%2Fwp%2Fv2%2Fproduct_cat&post=1356"},{"taxonomy":"product_tag","embeddable":true,"href":"https:\/\/harveycp.vitelline.net\/index.php?rest_route=%2Fwp%2Fv2%2Fproduct_tag&post=1356"}],"curies":[{"name":"wp","href":"https:\/\/api.w.org\/{rel}","templated":true}]}}