{"id":1354,"date":"2018-03-26T22:32:43","date_gmt":"2018-03-26T22:32:43","guid":{"rendered":"https:\/\/harveycp.vitelline.net\/?post_type=product&#038;p=1354"},"modified":"2021-11-16T15:59:53","modified_gmt":"2021-11-16T15:59:53","slug":"cum-s-au-rugat-ei-vol-1","status":"publish","type":"product","link":"https:\/\/harveycp.vitelline.net\/?product=cum-s-au-rugat-ei-vol-1","title":{"rendered":"Cum s-au rugat ei vol. 1"},"content":{"rendered":"<p>Aceast\u0103 carte explic\u0103 modul \u00een care p\u0103rin\u021bii s-au rugat pentru copiii lor, copiii pentru p\u0103rin\u021bii lor \u0219i cum so\u021bii \u0219i so\u021biile s-au rugat unul pentru cel\u0103lalt.<\/p>\n<p>Autori: Edwin F. &amp; Lillian G. Harvey<\/p>\n","protected":false},"excerpt":{"rendered":"<p>Aceast\u0103 carte explic\u0103 modul \u00een care p\u0103rin\u021bii s-au rugat pentru copiii lor, copiii pentru p\u0103rin\u021bii lor \u0219i cum so\u021bii \u0219i so\u021biile s-au rugat unul pentru cel\u0103lalt. Autori: Edwin F. &amp; Lillian G. Harvey<\/p>\n","protected":false},"featured_media":1355,"comment_status":"open","ping_status":"closed","template":"","meta":[],"product_cat":[15,54],"product_tag":[1200,667,1196,1201,1162],"_links":{"self":[{"href":"https:\/\/harveycp.vitelline.net\/index.php?rest_route=\/wp\/v2\/product\/1354"}],"collection":[{"href":"https:\/\/harveycp.vitelline.net\/index.php?rest_route=\/wp\/v2\/product"}],"about":[{"href":"https:\/\/harveycp.vitelline.net\/index.php?rest_route=\/wp\/v2\/types\/product"}],"replies":[{"embeddable":true,"href":"https:\/\/harveycp.vitelline.net\/index.php?rest_route=%2Fwp%2Fv2%2Fcomments&post=1354"}],"wp:featuredmedia":[{"embeddable":true,"href":"https:\/\/harveycp.vitelline.net\/index.php?rest_route=\/wp\/v2\/media\/1355"}],"wp:attachment":[{"href":"https:\/\/harveycp.vitelline.net\/index.php?rest_route=%2Fwp%2Fv2%2Fmedia&parent=1354"}],"wp:term":[{"taxonomy":"product_cat","embeddable":true,"href":"https:\/\/harveycp.vitelline.net\/index.php?rest_route=%2Fwp%2Fv2%2Fproduct_cat&post=1354"},{"taxonomy":"product_tag","embeddable":true,"href":"https:\/\/harveycp.vitelline.net\/index.php?rest_route=%2Fwp%2Fv2%2Fproduct_tag&post=1354"}],"curies":[{"name":"wp","href":"https:\/\/api.w.org\/{rel}","templated":true}]}}