{"id":1339,"date":"2018-03-26T21:42:05","date_gmt":"2018-03-26T21:42:05","guid":{"rendered":"https:\/\/harveycp.vitelline.net\/?post_type=product&#038;p=1339"},"modified":"2024-01-05T21:27:16","modified_gmt":"2024-01-05T21:27:16","slug":"ellos-conocieron-a-su-dios-vol-5","status":"publish","type":"product","link":"https:\/\/harveycp.vitelline.net\/?product=ellos-conocieron-a-su-dios-vol-5","title":{"rendered":"Ellos Conocieron a Su Dios Vol. 5"},"content":{"rendered":"<p>Prefacio de los autores:<\/p>\n<p>Hemos agregado este libro a los cuatro vol\u00famenes previos en la serie Ellos conocieron a su Dios, esperando que nuestra investigaci\u00f3n provea a la generaci\u00f3n actual un conocimiento de la tremenda herencia que hemos recibido de santos de tiempos pasados y presentes. . . .<\/p>\n<p>Mucha oraci\u00f3n ha acompa\u00f1ado nuestra investigaci\u00f3n sobre estos gigantes de la fe poco conocidos\u2014personas que hicieron proezas porque \u201cconocieron a su Dios\u201d. Una devoci\u00f3n tal como la que vemos en sus vidas, acarrea verg\u00fcenza a nuestra superficialidad y fracaso al no poder hacer un espacio para Dios en medio del ajetreado barullo materialista que solo busca elevar los est\u00e1ndares de vida. . . . Nuestros ideales son tan pobres, nuestro celo tan tibio, y nuestra provisi\u00f3n de gracia tan lastimosamente peque\u00f1a, que necesitamos conocer a los grandes santos que nos recuerdan que tambi\u00e9n nosotros podemos hacer de nuestra vida algo sublime. Para que de esa manera, cuando partamos de esta vida podamos dejar pisadas en la arena del tiempo atr\u00e1s de nosotros, como escribi\u00f3 Longfellow:<\/p>\n<p>Pisadas que quiz\u00e1s otro<br \/>\nNavegando sobre la solemne guedeja de la vida,<br \/>\nAlg\u00fan desesperado y naufragado hermano<br \/>\nAl mirarlas pueda recibir nuevo \u00e1nimo.<\/p>\n<p><strong>\u00cdndice:<\/strong><\/p>\n<p>George Herbert (1593-1632)<br \/>\n<em>Poeta de las cortes celestiales<\/em><br \/>\nMiguel Molinos (1627-1696)<br \/>\n<em>El sacerdote que conoci\u00f3 a Dios<\/em><br \/>\nJoseph Alleine (1634-1668)<br \/>\n<em>Un sacrificio vivo a los treinta y cuatro a\u00f1os<\/em><br \/>\nJohn Fletcher (1729-1785)<br \/>\n<em>El ap\u00f3stol de Madeley<\/em><br \/>\nMary Fletcher (1739-1815)<br \/>\n<em>La pastora de hu\u00e9rfanos<\/em><br \/>\nJohn Frederick Oberlin (1740-1826)<br \/>\n<em>Pionero benefactor de los moradores de Vosgos<\/em><br \/>\nSamuel Pollard (1826-1877)<br \/>\n<em>\u00c9l esper\u00f3 por el cumplimiento de su visi\u00f3n<\/em><br \/>\nGeorge Matheson (1842-1906)<br \/>\n<em>El poeta ciego que vio demasiado<\/em><br \/>\nJonathan Goforth (1859-1936)<br \/>\n<em>El sufri\u00f3 la p\u00e9rdida de todas las cosas<\/em><br \/>\nRosalind Goforth (1864-?)<br \/>\n<em>Escal\u00f3 la monta\u00f1a con Dios<\/em><br \/>\nKate Lee (1872-1920)<br \/>\n<em>La edec\u00e1n de \u00e1ngel<\/em><br \/>\nGraham Scroggie (1877-1954?)<br \/>\n<em>El excepcional orador de Keswick<\/em><\/p>\n<p>&nbsp;<\/p>\n","protected":false},"excerpt":{"rendered":"<p>&nbsp;<\/p>\n<p>&nbsp;<\/p>\n","protected":false},"featured_media":1340,"comment_status":"open","ping_status":"closed","template":"","meta":[],"product_cat":[15,53],"product_tag":[654],"_links":{"self":[{"href":"https:\/\/harveycp.vitelline.net\/index.php?rest_route=\/wp\/v2\/product\/1339"}],"collection":[{"href":"https:\/\/harveycp.vitelline.net\/index.php?rest_route=\/wp\/v2\/product"}],"about":[{"href":"https:\/\/harveycp.vitelline.net\/index.php?rest_route=\/wp\/v2\/types\/product"}],"replies":[{"embeddable":true,"href":"https:\/\/harveycp.vitelline.net\/index.php?rest_route=%2Fwp%2Fv2%2Fcomments&post=1339"}],"wp:featuredmedia":[{"embeddable":true,"href":"https:\/\/harveycp.vitelline.net\/index.php?rest_route=\/wp\/v2\/media\/1340"}],"wp:attachment":[{"href":"https:\/\/harveycp.vitelline.net\/index.php?rest_route=%2Fwp%2Fv2%2Fmedia&parent=1339"}],"wp:term":[{"taxonomy":"product_cat","embeddable":true,"href":"https:\/\/harveycp.vitelline.net\/index.php?rest_route=%2Fwp%2Fv2%2Fproduct_cat&post=1339"},{"taxonomy":"product_tag","embeddable":true,"href":"https:\/\/harveycp.vitelline.net\/index.php?rest_route=%2Fwp%2Fv2%2Fproduct_tag&post=1339"}],"curies":[{"name":"wp","href":"https:\/\/api.w.org\/{rel}","templated":true}]}}