{"id":1336,"date":"2018-03-26T21:32:19","date_gmt":"2018-03-26T21:32:19","guid":{"rendered":"https:\/\/harveycp.vitelline.net\/?post_type=product&#038;p=1336"},"modified":"2024-01-05T21:27:40","modified_gmt":"2024-01-05T21:27:40","slug":"ellos-conocieron-a-su-dios-vol-4","status":"publish","type":"product","link":"https:\/\/harveycp.vitelline.net\/?product=ellos-conocieron-a-su-dios-vol-4","title":{"rendered":"Ellos Conocieron a Su Dios Vol. 4"},"content":{"rendered":"<div>\n<p>\u00a0Hemos continuado cumpliendo con lo que creemos ha sido el prop\u00f3sito de Dios al caminar alrededor de Si\u00f3n espiritual, contando sus baluartes, considerando atentamente sus antemuros, sus palacios y sus torres; y luego en oraci\u00f3n y despu\u00e9s de mucha investigaci\u00f3n bibliogr\u00e1fica, deseamos relatar nuestros propios e interesantes descubrimientos a la siguiente generaci\u00f3n. La mayor parte de la Iglesia de hoy se ha alejado tanto del cristianismo b\u00edblico, que muchas personas de las \u00faltimas generaciones no conocen a los hombres y mujeres del pasado que conocieron a su Dios de una manera tan \u00edntima, que ejecutaron Sus consejos, cumplieron Sus prop\u00f3sitos, y nos dejaron un legado de valor infinito.<\/p>\n<p>Los personajes principales en los vol\u00famenes Tres y Cuatro fueron escogidos porque en ellos se manifest\u00f3 un prop\u00f3sito y una influencia divina en sus vidas. Escucharon una voz y la siguieron; batallaron con su naturaleza pecadora, y vieron en la Redenci\u00f3n la soluci\u00f3n para su pecado; ellos batallaron contra dificultades infranqueables, pero vencieron. Es evidente que ten\u00edan un Esp\u00edritu morando en ellos que los movi\u00f3 a tener compasi\u00f3n de los que no eran dignos, y les provey\u00f3 recursos celestiales para que pudieran amarlos.<\/p>\n<p>El Esp\u00edritu Santo que moraba en ellos se mov\u00eda sobre sus corazones para hacer la voluntad de Dios. \u00bfHab\u00eda una tribu pagana sin haber sido evangelizada? \u00a1El Se\u00f1or de la cosecha sab\u00eda d\u00f3nde encontrar Su vaso preparado para suplir esa necesidad! \u00bfHab\u00eda una tribu que necesitaba la Palabra de Dios en su propia lengua? \u00a1\u00c9l sab\u00eda d\u00f3nde conseguir un traductor! \u00bfSe trataba de una caminata oprimida por se\u00f1ores ego\u00edstas? \u00c9l ten\u00eda Su libertador. \u00bfHab\u00edan tratado los cl\u00e9rigos de despojar a la Biblia de su inspiraci\u00f3n gloriosa? \u00a1\u00c9l conoc\u00eda hombres, poderosos en las Escrituras que pod\u00edan restaurarla a su gloria original! \u00bfEra necesario un intercesor? \u00a1\u00c9l pod\u00eda susurrar Su trabajo de parto y poner sus gemidos en aquellos que estuvieran dispuestos a pasar por ello!<\/p>\n<p>Los Hechos de los Ap\u00f3stoles no finalizaron hace dos mil a\u00f1os; los disc\u00edpulos de Jes\u00fas se han movido a trav\u00e9s de los siglos en medio de campos maduros listos para la siega. A Dios nunca le han faltado Sus Pedros que vayan a la casa de un Cornelio; Sus Pablos listos para ir a los gentiles; un Esteban preparado para el breve serm\u00f3n en el que un Saulo de Tarso es levantado con los aguijones el Alt\u00edsimo; Sus Felipes que est\u00e9n tan consagrados como para poder alejarse de un avivamiento para ir al desierto a encontrarse con un inquisitivo eunuco et\u00edope. \u00c9l todav\u00eda tiene sus desconocidos Anan\u00edas listos para enfrentar la muerte para ir tras una puerta cerrada donde alguien que ora tiene necesidad de ser iluminado.<\/p>\n<p>El mundo religioso, tan ocupado y lleno de ruido con sus campa\u00f1as y filantrop\u00edas planeadas por los mismos hombres, no est\u00e1 consciente de esas silenciosas multitudes que todav\u00eda se mueven tras la columna de fuego, que a\u00fan son guiadas por el Se\u00f1or de los Ej\u00e9rcitos para realizar conquistas que no son reconocidas porque aparentemente son peque\u00f1as y silenciosas. No teniendo ojos espirituales para detectar Sus sendas en el mar, ni o\u00eddos espirituales para escuchar su silbo apacible y delicado cuando da una queda orden, y sin tener avivado el esp\u00edritu para conocer la tierra que todav\u00eda debe ser conquistada, tales personas mundanas no tienen la posibilidad de comprender a aquellos siervos de Dios. Como no son reconocidos, estos santos de Dios caminan sin obst\u00e1culos completando la tarea que les ha sido asignada por los cielos. Dios los dot\u00f3 de espinas en la carne y de grietas en sus vasijas terrenales para protegerlos. \u00c9l ha permitido que en muchos casos el relato de sus vidas haya sido preservado para nosotros en biograf\u00edas, diarios y revistas. Oramos mucho para que estas lecturas puedan estimular a los cristianos de nuestros d\u00edas a buscar una relaci\u00f3n cercana con su Dios, para que tambi\u00e9n ellos puedan cumplir la voluntad de nuestro Padre en este tiempo de tanta necesidad.\u00a0<span lang=\"&quot;ES-MX&quot;\">\u2014<i><span lang=\"&quot;ES-TRAD&quot;\">Prefacio de los Autores<\/span><\/i><\/span><\/p>\n<p><strong>\u00cdndice:<\/strong><\/p>\n<p>Philip\u00a0 (1931-1696) y Matthew Henry (1692-1714)<\/p>\n<p><em>La Formaci\u00f3n de un Comentarista<\/em><\/p>\n<p>Freeborn Garrettson (1752-1857)<\/p>\n<p><em>El Santo a Caballo<\/em><\/p>\n<p>Catherine Livingston Garrettson (1752-1849)<\/p>\n<p><em>La Gentil Anfitriona<\/em><\/p>\n<p>John Evangelist Gossner(1773-1855)<\/p>\n<p><em>El Intr\u00e9pido Aventurero en Fe y Oraci\u00f3n<\/em><\/p>\n<p>John Hunt (1812-1848)<\/p>\n<p><em>El Ap\u00f3stol a Fiji<\/em><\/p>\n<p>Elizabeth Prentiss (1818-1878)<\/p>\n<p><em>La Socorrista Sufriente<\/em><\/p>\n<p>Lord Radstock (1833-1913)<\/p>\n<p><em>El Se\u00f1or que fue Siervo<\/em><\/p>\n<p>Dr. Frederick Baedeker (1823-?)<\/p>\n<p><em>Un Hombre Enviado por Dios<\/em><\/p>\n<p>Frank Crossley (1839-1897)<\/p>\n<p><em>El Tesorero de Dios<\/em><\/p>\n<p>Emily Kerr Crossley<\/p>\n<p><em>La Socia del Tesorero de Dios<\/em><\/p>\n<p>Baronesa von Wrede<\/p>\n<p><em>El \u00c1ngel de las Prisiones<\/em><\/p>\n<p>Henrietta Eliza Soltau (1843-1934)<\/p>\n<p><em>Arriesgada en la Fe<\/em><\/p>\n<p>&nbsp;<\/p>\n<\/div>\n","protected":false},"excerpt":{"rendered":"<p><span style=\"color: #999999;\"><em><strong>Book preview:<\/strong>\u00a0<a href=\"https:\/\/harveycp.vitelline.net\/wp-content\/uploads\/2018\/03\/Ellos-Conocieron-a-Su-Dios-Vol-4-Sample-Pages.pdf\">Ellos Conocieron a Su Dios Vol 4 Sample Pages<\/a><\/em><\/span><\/p>\n<p>&nbsp;<\/p>\n","protected":false},"featured_media":1337,"comment_status":"open","ping_status":"closed","template":"","meta":[],"product_cat":[15,53],"product_tag":[653],"_links":{"self":[{"href":"https:\/\/harveycp.vitelline.net\/index.php?rest_route=\/wp\/v2\/product\/1336"}],"collection":[{"href":"https:\/\/harveycp.vitelline.net\/index.php?rest_route=\/wp\/v2\/product"}],"about":[{"href":"https:\/\/harveycp.vitelline.net\/index.php?rest_route=\/wp\/v2\/types\/product"}],"replies":[{"embeddable":true,"href":"https:\/\/harveycp.vitelline.net\/index.php?rest_route=%2Fwp%2Fv2%2Fcomments&post=1336"}],"wp:featuredmedia":[{"embeddable":true,"href":"https:\/\/harveycp.vitelline.net\/index.php?rest_route=\/wp\/v2\/media\/1337"}],"wp:attachment":[{"href":"https:\/\/harveycp.vitelline.net\/index.php?rest_route=%2Fwp%2Fv2%2Fmedia&parent=1336"}],"wp:term":[{"taxonomy":"product_cat","embeddable":true,"href":"https:\/\/harveycp.vitelline.net\/index.php?rest_route=%2Fwp%2Fv2%2Fproduct_cat&post=1336"},{"taxonomy":"product_tag","embeddable":true,"href":"https:\/\/harveycp.vitelline.net\/index.php?rest_route=%2Fwp%2Fv2%2Fproduct_tag&post=1336"}],"curies":[{"name":"wp","href":"https:\/\/api.w.org\/{rel}","templated":true}]}}