{"id":1331,"date":"2018-03-26T21:01:02","date_gmt":"2018-03-26T21:01:02","guid":{"rendered":"https:\/\/harveycp.vitelline.net\/?post_type=product&#038;p=1331"},"modified":"2024-01-05T21:28:05","modified_gmt":"2024-01-05T21:28:05","slug":"ellos-conocieron-a-su-dios-vol-2","status":"publish","type":"product","link":"https:\/\/harveycp.vitelline.net\/?product=ellos-conocieron-a-su-dios-vol-2","title":{"rendered":"Ellos Conocieron a Su Dios Vol. 3"},"content":{"rendered":"<div><\/div>\n<div><span lang=\"&quot;ES-MX&quot;\">\u201cAndad alrededor de Sion\u2026 contad sus torres. Considerad atentamente su antemuro, mirad sus palacios; para que lo cont\u00e9is a la generaci\u00f3n venidera.\u201d Estas palabras del salmo cuarenta y ocho fueron impresas en nuestras mentes hace diecinueve a\u00f1os, como una comisi\u00f3n para buscar biograf\u00edas y literatura cristianas y trasladar al pueblo del Se\u00f1or aquello que nos hab\u00eda estado inspirando y que hab\u00eda sido de tanta ayuda para nosotros. As\u00ed que, tras este lapso de tiempo, tenemos ahora el privilegio de enviar estas figuras de las torres de Si\u00f3n \u2014sus profetas y atalayas, los baluartes de Si\u00f3n\u2014sus palacios- sus reformadores y defensores de la fe, y de los palacios de Sion\u2014 esas moradas humanas de Dios hechas bellas y majestuosas por la presencia del Rey de reyes.<br \/>\n<\/span><\/div>\n<div>\n<p class=\"&quot;VF-Parrafo1&quot;\"><span lang=\"&quot;ES-MX&quot;\">El t\u00edtulo, \u201cEllos conocieron a su Dios\u201d, ha sido escogido como uno que incluye el conocimiento de Dios por medio del Nuevo Nacimiento, la morada m\u00e1s permanente de Dios tras recibir la llenura del Esp\u00edritu Santo, y el posterior \u201cviaje hacia Dios\u201d, a medida que la caminata temporal y progresiva con \u00c9l revela Su car\u00e1cter. Es nuestra m\u00e1s ferviente oraci\u00f3n en esta era religiosa tan superficial, que estos hombres y mujeres que derribaron todas las barreras y fronteras en su b\u00fasqueda y exploraci\u00f3n de su propio Dios en toda Su longitud, anchura, profundidad y altura, puedan llamarnos para que nos aferremos de manera ilimitada a lo invisible.<br \/>\n<\/span><\/p>\n<p class=\"&quot;VF-Parrafo1&quot;\"><span lang=\"&quot;ES-MX&quot;\">Dios nunca se repite a S\u00ed mismo en la experiencia humana, y es refrescante notar que estos santos, en su abandono completo en Dios, nos han legado historias individuales que enriquecen el reino espiritual con la misma variedad deleitableque descubrimos en las \u201cotras\u201d creaciones de Dios. No presentamos estos bosquejos para que sean imitados en todos sus detalles en la b\u00fasqueda de Dios, o como la evidencia de que ellos lo hayan alcanzado. M\u00e1s bien oramos para que la fe y el valor de estos santos al probar y conocer a Dios, nos anime a darnos cuenta de que no hay l\u00edmite, excepto nosotros mismos, para loque podr\u00edamos descubrir de Su reino mientras estamos aqu\u00ed en el \u201ctiempo\u201d.<br \/>\n<\/span><\/p>\n<p class=\"&quot;VF-Parrafo1&quot;\"><span lang=\"&quot;ES-MX&quot;\">Hemos incluido personajes de ambos sexos, de varias nacionalidades, de sucesivos per\u00edodos de tiempo y de diferentes trasfondos ecleci\u00e1sticos. Aprendemos a trav\u00e9s de ellos c\u00f3mo Dios se manifiesta a S\u00ed mismo en las se\u00f1ales y credenciales que sellan al santo que est\u00e1 creciendo, con el propio y peculiar sello de Dios.<br \/>\n<\/span><\/p>\n<p class=\"&quot;VF-Parrafo1&quot;\"><span lang=\"&quot;ES-MX&quot;\">Daniel nos dice que \u201cel pueblo que conoce a su Dios se esforzar\u00e1 y actuar\u00e1\u201d (Dn11:32). Por eso nosotros, en oraci\u00f3n, presentamos este libro, confiando que este vistazo a las vidas de estos santos hombres y mujeres nos dar\u00e1 a todos el \u00edmpetu de \u201cconocer a nuestro Dios\u201d. \u2014<i><span lang=\"&quot;ES-TRAD&quot;\">Prefacio de los Autore<\/span><\/i><\/span><\/p>\n<p class=\"&quot;VF-Parrafo1&quot;\"><strong>\u00cdndice:<\/strong><\/p>\n<p>Marqu\u00e9s De Renty (1611-1649)<\/p>\n<\/div>\n<div>\n<div>\n<p><em>El Hombre de la Nobleza que Descendi\u00f3<\/em><\/p>\n<p>Stephen Grellet (1773-1855)<\/p>\n<p><em>El Noble Franc\u00e9s que Camin\u00f3 a Pie<\/em><\/p>\n<p>Samuel Pearce (1766-1799)<\/p>\n<p><em> El Brainerd de los Bautistas<\/em><\/p>\n<p>John Smith (1794-1831)<\/p>\n<p><em> El Hombre con las Rodillas Encallecidas<\/em><\/p>\n<p>Ann Cutler (1759-1794)<\/p>\n<p><em>Demasiado Joven para Morir<\/em><\/p>\n<p>John Vassar (1813-1878)<\/p>\n<p><em>El Perro Overjero de Dios<\/em><\/p>\n<p>George Railton (1849-1912)<\/p>\n<p><em> El Hombre que se Preocupaba Intensamente<\/em><\/p>\n<p>John G. Govan (1861-1927)<\/p>\n<p><em>El Pionero del Evangelismo Rural<\/em><\/p>\n<p>Oswald Chambers (1874-1917)<\/p>\n<p><em> Ap\u00f3stol de lo Fortuito<\/em><\/p>\n<p>Gertrude Chambers (1885-1966)<\/p>\n<p><em> Creadora de Libros<\/em><\/p>\n<p>Evan Hopkins (1837-1919)<\/p>\n<p><em>Mensajero de Victoria<\/em><\/p>\n<p>Mary Mozley (1887-1923)<\/p>\n<p><em>Ella Escogi\u00f3 la Mejor Parte<\/em><\/p>\n<p>El Obispo Asbury (1745-1816)<\/p>\n<p><em>El Profeta del Largo Camino<\/em><\/p>\n<p><em>\u00a0<\/em><\/p>\n<\/div>\n<div><\/div>\n<\/div>\n<div><\/div>\n","protected":false},"excerpt":{"rendered":"<p><span style=\"color: #999999;\"><em><strong>Book preview:<\/strong>\u00a0<a href=\"https:\/\/harveycp.vitelline.net\/wp-content\/uploads\/2018\/03\/Ellos-Conocieron-a-Su-Dios-Vol-3_Sample-pages.pdf\">Ellos Conocieron a Su Dios Vol 3_Sample pages<\/a><\/em><\/span><\/p>\n","protected":false},"featured_media":1335,"comment_status":"open","ping_status":"closed","template":"","meta":[],"product_cat":[15,53],"product_tag":[652],"_links":{"self":[{"href":"https:\/\/harveycp.vitelline.net\/index.php?rest_route=\/wp\/v2\/product\/1331"}],"collection":[{"href":"https:\/\/harveycp.vitelline.net\/index.php?rest_route=\/wp\/v2\/product"}],"about":[{"href":"https:\/\/harveycp.vitelline.net\/index.php?rest_route=\/wp\/v2\/types\/product"}],"replies":[{"embeddable":true,"href":"https:\/\/harveycp.vitelline.net\/index.php?rest_route=%2Fwp%2Fv2%2Fcomments&post=1331"}],"wp:featuredmedia":[{"embeddable":true,"href":"https:\/\/harveycp.vitelline.net\/index.php?rest_route=\/wp\/v2\/media\/1335"}],"wp:attachment":[{"href":"https:\/\/harveycp.vitelline.net\/index.php?rest_route=%2Fwp%2Fv2%2Fmedia&parent=1331"}],"wp:term":[{"taxonomy":"product_cat","embeddable":true,"href":"https:\/\/harveycp.vitelline.net\/index.php?rest_route=%2Fwp%2Fv2%2Fproduct_cat&post=1331"},{"taxonomy":"product_tag","embeddable":true,"href":"https:\/\/harveycp.vitelline.net\/index.php?rest_route=%2Fwp%2Fv2%2Fproduct_tag&post=1331"}],"curies":[{"name":"wp","href":"https:\/\/api.w.org\/{rel}","templated":true}]}}